{"id":174,"date":"2010-03-06T14:03:38","date_gmt":"2010-03-06T12:03:38","guid":{"rendered":"http:\/\/www.myrorna.nu\/wordpress\/?page_id=174"},"modified":"2023-12-04T12:13:50","modified_gmt":"2023-12-04T10:13:50","slug":"intresseanmalan","status":"publish","type":"page","link":"http:\/\/www.myrorna.nu\/wordpress\/intresseanmalan\/","title":{"rendered":"Intresseanm\u00e4lan"},"content":{"rendered":"<p>N\u00e4r det \u00e4r dags att v\u00e4lja f\u00f6rskola m\u00e5ste ni st\u00e4lla era barn i k\u00f6. Det g\u00f6rs enklast p\u00e5 Huddinge kommuns hemsida. F\u00f6lj&nbsp;<a href=\"https:\/\/www.huddinge.se\/forskola-och-skola\/forskola\/forskoleplats\/\" target=\"_blank\" rel=\"noopener noreferrer\">den h\u00e4r l\u00e4nken<\/a>&nbsp;f\u00f6r att komma till k\u00f6systemet.<\/p>\n<p>Vi vill g\u00e4rna att ni skickar in en intresseanm\u00e4lan till oss p\u00e5 f\u00f6rskolan och ber\u00e4ttar lite kortfattat om er till <a href=\"mailto:forskolanmyrorna@gmail.com\">forskolanmyrorna@gmail.com<\/a>.<\/p>\n<p>Om ni har fr\u00e5gor ang\u00e5ende f\u00f6rskolans barnk\u00f6 s\u00e5 kan ni kontakta Sandra Hallgren genom att f\u00f6rst emaila <a href=\"mailto:forskolanmyrorna@gmail.com\">forskolanmyrorna@gmail.com<\/a>.<\/p>\n\n\n<p><\/p>\n","protected":false},"excerpt":{"rendered":"<p>N\u00e4r det \u00e4r dags att v\u00e4lja f\u00f6rskola m\u00e5ste ni st\u00e4lla era barn i k\u00f6. Det g\u00f6rs enklast p\u00e5 Huddinge kommuns hemsida. F\u00f6lj&nbsp;den h\u00e4r l\u00e4nken&nbsp;f\u00f6r att komma till k\u00f6systemet. Vi vill g\u00e4rna att ni skickar in en intresseanm\u00e4lan till oss p\u00e5 f\u00f6rskolan och ber\u00e4ttar lite kortfattat om er till forskolanmyrorna@gmail.com. Om ni har fr\u00e5gor ang\u00e5ende f\u00f6rskolans [&hellip;]<\/p>\n","protected":false},"author":1,"featured_media":0,"parent":0,"menu_order":0,"comment_status":"closed","ping_status":"closed","template":"","meta":{"ngg_post_thumbnail":0,"footnotes":""},"class_list":["post-174","page","type-page","status-publish","hentry"],"jetpack_sharing_enabled":true,"_links":{"self":[{"href":"http:\/\/www.myrorna.nu\/wordpress\/wp-json\/wp\/v2\/pages\/174","targetHints":{"allow":["GET"]}}],"collection":[{"href":"http:\/\/www.myrorna.nu\/wordpress\/wp-json\/wp\/v2\/pages"}],"about":[{"href":"http:\/\/www.myrorna.nu\/wordpress\/wp-json\/wp\/v2\/types\/page"}],"author":[{"embeddable":true,"href":"http:\/\/www.myrorna.nu\/wordpress\/wp-json\/wp\/v2\/users\/1"}],"replies":[{"embeddable":true,"href":"http:\/\/www.myrorna.nu\/wordpress\/wp-json\/wp\/v2\/comments?post=174"}],"version-history":[{"count":25,"href":"http:\/\/www.myrorna.nu\/wordpress\/wp-json\/wp\/v2\/pages\/174\/revisions"}],"predecessor-version":[{"id":839,"href":"http:\/\/www.myrorna.nu\/wordpress\/wp-json\/wp\/v2\/pages\/174\/revisions\/839"}],"wp:attachment":[{"href":"http:\/\/www.myrorna.nu\/wordpress\/wp-json\/wp\/v2\/media?parent=174"}],"curies":[{"name":"wp","href":"https:\/\/api.w.org\/{rel}","templated":true}]}}