{"id":496,"date":"2014-11-13T11:38:56","date_gmt":"2014-11-13T09:38:56","guid":{"rendered":"http:\/\/www.myrorna.nu\/wordpress\/?page_id=496"},"modified":"2022-06-20T09:35:51","modified_gmt":"2022-06-20T07:35:51","slug":"bilder","status":"publish","type":"page","link":"http:\/\/www.myrorna.nu\/wordpress\/bilder\/","title":{"rendered":"Bilder"},"content":{"rendered":"<div id='gallery-1' class='gallery galleryid-496 gallery-columns-1 gallery-size-large'><figure class='gallery-item'>\n\t\t\t<div class='gallery-icon landscape'>\n\t\t\t\t<a href='http:\/\/www.myrorna.nu\/wordpress\/wp-content\/uploads\/2014\/11\/Myrorna_506px2.jpg'><img loading=\"lazy\" decoding=\"async\" width=\"506\" height=\"210\" src=\"http:\/\/www.myrorna.nu\/wordpress\/wp-content\/uploads\/2014\/11\/Myrorna_506px2.jpg\" class=\"attachment-large size-large\" alt=\"\" aria-describedby=\"gallery-1-504\" srcset=\"http:\/\/www.myrorna.nu\/wordpress\/wp-content\/uploads\/2014\/11\/Myrorna_506px2.jpg 506w, http:\/\/www.myrorna.nu\/wordpress\/wp-content\/uploads\/2014\/11\/Myrorna_506px2-150x62.jpg 150w, http:\/\/www.myrorna.nu\/wordpress\/wp-content\/uploads\/2014\/11\/Myrorna_506px2-300x124.jpg 300w\" sizes=\"auto, (max-width: 506px) 100vw, 506px\" \/><\/a>\n\t\t\t<\/div>\n\t\t\t\t<figcaption class='wp-caption-text gallery-caption' id='gallery-1-504'>\n\t\t\t\tV\u00e5rt fina hus \u00e4r bel\u00e4get i ett lugnt villaomr\u00e5de i Stuvsta.\n\t\t\t\t<\/figcaption><\/figure><figure class='gallery-item'>\n\t\t\t<div class='gallery-icon landscape'>\n\t\t\t\t<a href='http:\/\/www.myrorna.nu\/wordpress\/wp-content\/uploads\/2022\/06\/Fasad-2.jpeg'><img loading=\"lazy\" decoding=\"async\" width=\"634\" height=\"476\" src=\"http:\/\/www.myrorna.nu\/wordpress\/wp-content\/uploads\/2022\/06\/Fasad-2-1024x768.jpeg\" class=\"attachment-large size-large\" alt=\"\" srcset=\"http:\/\/www.myrorna.nu\/wordpress\/wp-content\/uploads\/2022\/06\/Fasad-2-1024x768.jpeg 1024w, http:\/\/www.myrorna.nu\/wordpress\/wp-content\/uploads\/2022\/06\/Fasad-2-150x113.jpeg 150w, http:\/\/www.myrorna.nu\/wordpress\/wp-content\/uploads\/2022\/06\/Fasad-2-300x225.jpeg 300w, http:\/\/www.myrorna.nu\/wordpress\/wp-content\/uploads\/2022\/06\/Fasad-2-768x576.jpeg 768w, http:\/\/www.myrorna.nu\/wordpress\/wp-content\/uploads\/2022\/06\/Fasad-2-816x612.jpeg 816w\" sizes=\"auto, (max-width: 634px) 100vw, 634px\" \/><\/a>\n\t\t\t<\/div><\/figure><figure class='gallery-item'>\n\t\t\t<div class='gallery-icon landscape'>\n\t\t\t\t<a href='http:\/\/www.myrorna.nu\/wordpress\/wp-content\/uploads\/2022\/06\/Fasad.jpeg'><img loading=\"lazy\" decoding=\"async\" width=\"634\" height=\"476\" src=\"http:\/\/www.myrorna.nu\/wordpress\/wp-content\/uploads\/2022\/06\/Fasad-1024x768.jpeg\" class=\"attachment-large size-large\" alt=\"\" srcset=\"http:\/\/www.myrorna.nu\/wordpress\/wp-content\/uploads\/2022\/06\/Fasad-1024x768.jpeg 1024w, http:\/\/www.myrorna.nu\/wordpress\/wp-content\/uploads\/2022\/06\/Fasad-150x113.jpeg 150w, http:\/\/www.myrorna.nu\/wordpress\/wp-content\/uploads\/2022\/06\/Fasad-300x225.jpeg 300w, http:\/\/www.myrorna.nu\/wordpress\/wp-content\/uploads\/2022\/06\/Fasad-768x576.jpeg 768w, http:\/\/www.myrorna.nu\/wordpress\/wp-content\/uploads\/2022\/06\/Fasad-816x612.jpeg 816w\" sizes=\"auto, (max-width: 634px) 100vw, 634px\" \/><\/a>\n\t\t\t<\/div><\/figure><figure class='gallery-item'>\n\t\t\t<div class='gallery-icon portrait'>\n\t\t\t\t<a href='http:\/\/www.myrorna.nu\/wordpress\/wp-content\/uploads\/2022\/06\/Stuga-3.jpeg'><img loading=\"lazy\" decoding=\"async\" width=\"634\" height=\"845\" src=\"http:\/\/www.myrorna.nu\/wordpress\/wp-content\/uploads\/2022\/06\/Stuga-3-768x1024.jpeg\" class=\"attachment-large size-large\" alt=\"\" aria-describedby=\"gallery-1-810\" srcset=\"http:\/\/www.myrorna.nu\/wordpress\/wp-content\/uploads\/2022\/06\/Stuga-3-768x1024.jpeg 768w, http:\/\/www.myrorna.nu\/wordpress\/wp-content\/uploads\/2022\/06\/Stuga-3-112x150.jpeg 112w, http:\/\/www.myrorna.nu\/wordpress\/wp-content\/uploads\/2022\/06\/Stuga-3-225x300.jpeg 225w, http:\/\/www.myrorna.nu\/wordpress\/wp-content\/uploads\/2022\/06\/Stuga-3-749x999.jpeg 749w\" sizes=\"auto, (max-width: 634px) 100vw, 634px\" \/><\/a>\n\t\t\t<\/div>\n\t\t\t\t<figcaption class='wp-caption-text gallery-caption' id='gallery-1-810'>\n\t\t\t\tLukstuga med h\u00e4ststall\n\t\t\t\t<\/figcaption><\/figure><figure class='gallery-item'>\n\t\t\t<div class='gallery-icon landscape'>\n\t\t\t\t<a href='http:\/\/www.myrorna.nu\/wordpress\/wp-content\/uploads\/2022\/06\/Rutschkana-2.jpeg'><img loading=\"lazy\" decoding=\"async\" width=\"634\" height=\"476\" src=\"http:\/\/www.myrorna.nu\/wordpress\/wp-content\/uploads\/2022\/06\/Rutschkana-2-1024x768.jpeg\" class=\"attachment-large size-large\" alt=\"\" aria-describedby=\"gallery-1-805\" srcset=\"http:\/\/www.myrorna.nu\/wordpress\/wp-content\/uploads\/2022\/06\/Rutschkana-2-1024x768.jpeg 1024w, http:\/\/www.myrorna.nu\/wordpress\/wp-content\/uploads\/2022\/06\/Rutschkana-2-150x113.jpeg 150w, http:\/\/www.myrorna.nu\/wordpress\/wp-content\/uploads\/2022\/06\/Rutschkana-2-300x225.jpeg 300w, http:\/\/www.myrorna.nu\/wordpress\/wp-content\/uploads\/2022\/06\/Rutschkana-2-768x576.jpeg 768w, http:\/\/www.myrorna.nu\/wordpress\/wp-content\/uploads\/2022\/06\/Rutschkana-2-816x612.jpeg 816w\" sizes=\"auto, (max-width: 634px) 100vw, 634px\" \/><\/a>\n\t\t\t<\/div>\n\t\t\t\t<figcaption class='wp-caption-text gallery-caption' id='gallery-1-805'>\n\t\t\t\tRutchkana med sandl\u00e5dor\n\t\t\t\t<\/figcaption><\/figure><figure class='gallery-item'>\n\t\t\t<div class='gallery-icon landscape'>\n\t\t\t\t<a href='http:\/\/www.myrorna.nu\/wordpress\/wp-content\/uploads\/2022\/06\/P9121161-1.jpeg'><img loading=\"lazy\" decoding=\"async\" width=\"634\" height=\"476\" src=\"http:\/\/www.myrorna.nu\/wordpress\/wp-content\/uploads\/2022\/06\/P9121161-1-1024x768.jpeg\" class=\"attachment-large size-large\" alt=\"\" aria-describedby=\"gallery-1-804\" srcset=\"http:\/\/www.myrorna.nu\/wordpress\/wp-content\/uploads\/2022\/06\/P9121161-1-1024x768.jpeg 1024w, http:\/\/www.myrorna.nu\/wordpress\/wp-content\/uploads\/2022\/06\/P9121161-1-150x113.jpeg 150w, http:\/\/www.myrorna.nu\/wordpress\/wp-content\/uploads\/2022\/06\/P9121161-1-300x225.jpeg 300w, http:\/\/www.myrorna.nu\/wordpress\/wp-content\/uploads\/2022\/06\/P9121161-1-768x576.jpeg 768w, http:\/\/www.myrorna.nu\/wordpress\/wp-content\/uploads\/2022\/06\/P9121161-1-816x612.jpeg 816w\" sizes=\"auto, (max-width: 634px) 100vw, 634px\" \/><\/a>\n\t\t\t<\/div>\n\t\t\t\t<figcaption class='wp-caption-text gallery-caption' id='gallery-1-804'>\n\t\t\t\tstor lekst\u00e4llning med gungor\n\t\t\t\t<\/figcaption><\/figure><figure class='gallery-item'>\n\t\t\t<div class='gallery-icon landscape'>\n\t\t\t\t<a href='http:\/\/www.myrorna.nu\/wordpress\/wp-content\/uploads\/2022\/06\/P9121072.jpeg'><img loading=\"lazy\" decoding=\"async\" width=\"634\" height=\"476\" src=\"http:\/\/www.myrorna.nu\/wordpress\/wp-content\/uploads\/2022\/06\/P9121072-1024x768.jpeg\" class=\"attachment-large size-large\" alt=\"\" srcset=\"http:\/\/www.myrorna.nu\/wordpress\/wp-content\/uploads\/2022\/06\/P9121072-1024x768.jpeg 1024w, http:\/\/www.myrorna.nu\/wordpress\/wp-content\/uploads\/2022\/06\/P9121072-150x112.jpeg 150w, http:\/\/www.myrorna.nu\/wordpress\/wp-content\/uploads\/2022\/06\/P9121072-300x225.jpeg 300w, http:\/\/www.myrorna.nu\/wordpress\/wp-content\/uploads\/2022\/06\/P9121072-768x576.jpeg 768w, http:\/\/www.myrorna.nu\/wordpress\/wp-content\/uploads\/2022\/06\/P9121072-816x612.jpeg 816w\" sizes=\"auto, (max-width: 634px) 100vw, 634px\" \/><\/a>\n\t\t\t<\/div><\/figure><figure class='gallery-item'>\n\t\t\t<div class='gallery-icon landscape'>\n\t\t\t\t<a href='http:\/\/www.myrorna.nu\/wordpress\/wp-content\/uploads\/2022\/06\/P9121158.jpeg'><img loading=\"lazy\" decoding=\"async\" width=\"634\" height=\"476\" src=\"http:\/\/www.myrorna.nu\/wordpress\/wp-content\/uploads\/2022\/06\/P9121158-1024x768.jpeg\" class=\"attachment-large size-large\" alt=\"\" srcset=\"http:\/\/www.myrorna.nu\/wordpress\/wp-content\/uploads\/2022\/06\/P9121158-1024x768.jpeg 1024w, http:\/\/www.myrorna.nu\/wordpress\/wp-content\/uploads\/2022\/06\/P9121158-150x112.jpeg 150w, http:\/\/www.myrorna.nu\/wordpress\/wp-content\/uploads\/2022\/06\/P9121158-300x225.jpeg 300w, http:\/\/www.myrorna.nu\/wordpress\/wp-content\/uploads\/2022\/06\/P9121158-768x576.jpeg 768w, http:\/\/www.myrorna.nu\/wordpress\/wp-content\/uploads\/2022\/06\/P9121158-816x612.jpeg 816w\" sizes=\"auto, (max-width: 634px) 100vw, 634px\" \/><\/a>\n\t\t\t<\/div><\/figure><figure class='gallery-item'>\n\t\t\t<div class='gallery-icon landscape'>\n\t\t\t\t<a href='http:\/\/www.myrorna.nu\/wordpress\/wp-content\/uploads\/2022\/06\/Koja.jpeg'><img loading=\"lazy\" decoding=\"async\" width=\"634\" height=\"476\" src=\"http:\/\/www.myrorna.nu\/wordpress\/wp-content\/uploads\/2022\/06\/Koja-1024x768.jpeg\" class=\"attachment-large size-large\" alt=\"\" srcset=\"http:\/\/www.myrorna.nu\/wordpress\/wp-content\/uploads\/2022\/06\/Koja-1024x768.jpeg 1024w, http:\/\/www.myrorna.nu\/wordpress\/wp-content\/uploads\/2022\/06\/Koja-150x113.jpeg 150w, http:\/\/www.myrorna.nu\/wordpress\/wp-content\/uploads\/2022\/06\/Koja-300x225.jpeg 300w, http:\/\/www.myrorna.nu\/wordpress\/wp-content\/uploads\/2022\/06\/Koja-768x576.jpeg 768w, http:\/\/www.myrorna.nu\/wordpress\/wp-content\/uploads\/2022\/06\/Koja-816x612.jpeg 816w\" sizes=\"auto, (max-width: 634px) 100vw, 634px\" \/><\/a>\n\t\t\t<\/div><\/figure><figure class='gallery-item'>\n\t\t\t<div class='gallery-icon portrait'>\n\t\t\t\t<a href='http:\/\/www.myrorna.nu\/wordpress\/wp-content\/uploads\/2022\/06\/Bord.jpeg'><img loading=\"lazy\" decoding=\"async\" width=\"634\" height=\"845\" src=\"http:\/\/www.myrorna.nu\/wordpress\/wp-content\/uploads\/2022\/06\/Bord-768x1024.jpeg\" class=\"attachment-large size-large\" alt=\"\" srcset=\"http:\/\/www.myrorna.nu\/wordpress\/wp-content\/uploads\/2022\/06\/Bord-768x1024.jpeg 768w, http:\/\/www.myrorna.nu\/wordpress\/wp-content\/uploads\/2022\/06\/Bord-112x150.jpeg 112w, http:\/\/www.myrorna.nu\/wordpress\/wp-content\/uploads\/2022\/06\/Bord-225x300.jpeg 225w, http:\/\/www.myrorna.nu\/wordpress\/wp-content\/uploads\/2022\/06\/Bord-749x999.jpeg 749w\" sizes=\"auto, (max-width: 634px) 100vw, 634px\" \/><\/a>\n\t\t\t<\/div><\/figure><figure class='gallery-item'>\n\t\t\t<div class='gallery-icon portrait'>\n\t\t\t\t<a href='http:\/\/www.myrorna.nu\/wordpress\/wp-content\/uploads\/2022\/06\/Skogsmulle.jpeg'><img loading=\"lazy\" decoding=\"async\" width=\"634\" height=\"845\" src=\"http:\/\/www.myrorna.nu\/wordpress\/wp-content\/uploads\/2022\/06\/Skogsmulle-768x1024.jpeg\" class=\"attachment-large size-large\" alt=\"\" aria-describedby=\"gallery-1-807\" srcset=\"http:\/\/www.myrorna.nu\/wordpress\/wp-content\/uploads\/2022\/06\/Skogsmulle-768x1024.jpeg 768w, http:\/\/www.myrorna.nu\/wordpress\/wp-content\/uploads\/2022\/06\/Skogsmulle-113x150.jpeg 113w, http:\/\/www.myrorna.nu\/wordpress\/wp-content\/uploads\/2022\/06\/Skogsmulle-225x300.jpeg 225w, http:\/\/www.myrorna.nu\/wordpress\/wp-content\/uploads\/2022\/06\/Skogsmulle-749x999.jpeg 749w\" sizes=\"auto, (max-width: 634px) 100vw, 634px\" \/><\/a>\n\t\t\t<\/div>\n\t\t\t\t<figcaption class='wp-caption-text gallery-caption' id='gallery-1-807'>\n\t\t\t\tMullef\u00f6rskola\n\t\t\t\t<\/figcaption><\/figure><figure class='gallery-item'>\n\t\t\t<div class='gallery-icon landscape'>\n\t\t\t\t<a href='http:\/\/www.myrorna.nu\/wordpress\/wp-content\/uploads\/2022\/06\/P9121075.jpeg'><img loading=\"lazy\" decoding=\"async\" width=\"634\" height=\"476\" src=\"http:\/\/www.myrorna.nu\/wordpress\/wp-content\/uploads\/2022\/06\/P9121075-1024x768.jpeg\" class=\"attachment-large size-large\" alt=\"\" srcset=\"http:\/\/www.myrorna.nu\/wordpress\/wp-content\/uploads\/2022\/06\/P9121075-1024x768.jpeg 1024w, http:\/\/www.myrorna.nu\/wordpress\/wp-content\/uploads\/2022\/06\/P9121075-150x112.jpeg 150w, http:\/\/www.myrorna.nu\/wordpress\/wp-content\/uploads\/2022\/06\/P9121075-300x225.jpeg 300w, http:\/\/www.myrorna.nu\/wordpress\/wp-content\/uploads\/2022\/06\/P9121075-768x576.jpeg 768w, http:\/\/www.myrorna.nu\/wordpress\/wp-content\/uploads\/2022\/06\/P9121075-816x612.jpeg 816w\" sizes=\"auto, (max-width: 634px) 100vw, 634px\" \/><\/a>\n\t\t\t<\/div><\/figure><figure class='gallery-item'>\n\t\t\t<div class='gallery-icon landscape'>\n\t\t\t\t<a href='http:\/\/www.myrorna.nu\/wordpress\/wp-content\/uploads\/2022\/06\/P9121069.jpeg'><img loading=\"lazy\" decoding=\"async\" width=\"634\" height=\"476\" src=\"http:\/\/www.myrorna.nu\/wordpress\/wp-content\/uploads\/2022\/06\/P9121069-1024x768.jpeg\" class=\"attachment-large size-large\" alt=\"\" srcset=\"http:\/\/www.myrorna.nu\/wordpress\/wp-content\/uploads\/2022\/06\/P9121069-1024x768.jpeg 1024w, http:\/\/www.myrorna.nu\/wordpress\/wp-content\/uploads\/2022\/06\/P9121069-150x113.jpeg 150w, http:\/\/www.myrorna.nu\/wordpress\/wp-content\/uploads\/2022\/06\/P9121069-300x225.jpeg 300w, http:\/\/www.myrorna.nu\/wordpress\/wp-content\/uploads\/2022\/06\/P9121069-768x576.jpeg 768w, http:\/\/www.myrorna.nu\/wordpress\/wp-content\/uploads\/2022\/06\/P9121069-816x612.jpeg 816w\" sizes=\"auto, (max-width: 634px) 100vw, 634px\" \/><\/a>\n\t\t\t<\/div><\/figure><figure class='gallery-item'>\n\t\t\t<div class='gallery-icon landscape'>\n\t\t\t\t<a href='http:\/\/www.myrorna.nu\/wordpress\/wp-content\/uploads\/2022\/06\/Kollage-lek.jpg'><img loading=\"lazy\" decoding=\"async\" width=\"634\" height=\"634\" src=\"http:\/\/www.myrorna.nu\/wordpress\/wp-content\/uploads\/2022\/06\/Kollage-lek-1024x1024.jpg\" class=\"attachment-large size-large\" alt=\"\" srcset=\"http:\/\/www.myrorna.nu\/wordpress\/wp-content\/uploads\/2022\/06\/Kollage-lek-1024x1024.jpg 1024w, http:\/\/www.myrorna.nu\/wordpress\/wp-content\/uploads\/2022\/06\/Kollage-lek-150x150.jpg 150w, http:\/\/www.myrorna.nu\/wordpress\/wp-content\/uploads\/2022\/06\/Kollage-lek-300x300.jpg 300w, http:\/\/www.myrorna.nu\/wordpress\/wp-content\/uploads\/2022\/06\/Kollage-lek-768x768.jpg 768w, http:\/\/www.myrorna.nu\/wordpress\/wp-content\/uploads\/2022\/06\/Kollage-lek-816x816.jpg 816w, http:\/\/www.myrorna.nu\/wordpress\/wp-content\/uploads\/2022\/06\/Kollage-lek.jpg 2048w\" sizes=\"auto, (max-width: 634px) 100vw, 634px\" \/><\/a>\n\t\t\t<\/div><\/figure><figure class='gallery-item'>\n\t\t\t<div class='gallery-icon landscape'>\n\t\t\t\t<a href='http:\/\/www.myrorna.nu\/wordpress\/wp-content\/uploads\/2022\/06\/Kollage-l\u00e4s.jpg'><img loading=\"lazy\" decoding=\"async\" width=\"634\" height=\"634\" src=\"http:\/\/www.myrorna.nu\/wordpress\/wp-content\/uploads\/2022\/06\/Kollage-l\u00e4s-1024x1024.jpg\" class=\"attachment-large size-large\" alt=\"\" srcset=\"http:\/\/www.myrorna.nu\/wordpress\/wp-content\/uploads\/2022\/06\/Kollage-l\u00e4s-1024x1024.jpg 1024w, http:\/\/www.myrorna.nu\/wordpress\/wp-content\/uploads\/2022\/06\/Kollage-l\u00e4s-150x150.jpg 150w, http:\/\/www.myrorna.nu\/wordpress\/wp-content\/uploads\/2022\/06\/Kollage-l\u00e4s-300x300.jpg 300w, http:\/\/www.myrorna.nu\/wordpress\/wp-content\/uploads\/2022\/06\/Kollage-l\u00e4s-768x768.jpg 768w, http:\/\/www.myrorna.nu\/wordpress\/wp-content\/uploads\/2022\/06\/Kollage-l\u00e4s-816x816.jpg 816w, http:\/\/www.myrorna.nu\/wordpress\/wp-content\/uploads\/2022\/06\/Kollage-l\u00e4s.jpg 2048w\" sizes=\"auto, (max-width: 634px) 100vw, 634px\" \/><\/a>\n\t\t\t<\/div><\/figure><figure class='gallery-item'>\n\t\t\t<div class='gallery-icon landscape'>\n\t\t\t\t<a href='http:\/\/www.myrorna.nu\/wordpress\/wp-content\/uploads\/2022\/06\/Kollage-pyssel-2.jpg'><img loading=\"lazy\" decoding=\"async\" width=\"634\" height=\"634\" src=\"http:\/\/www.myrorna.nu\/wordpress\/wp-content\/uploads\/2022\/06\/Kollage-pyssel-2-1024x1024.jpg\" class=\"attachment-large size-large\" alt=\"\" srcset=\"http:\/\/www.myrorna.nu\/wordpress\/wp-content\/uploads\/2022\/06\/Kollage-pyssel-2-1024x1024.jpg 1024w, http:\/\/www.myrorna.nu\/wordpress\/wp-content\/uploads\/2022\/06\/Kollage-pyssel-2-150x150.jpg 150w, http:\/\/www.myrorna.nu\/wordpress\/wp-content\/uploads\/2022\/06\/Kollage-pyssel-2-300x300.jpg 300w, http:\/\/www.myrorna.nu\/wordpress\/wp-content\/uploads\/2022\/06\/Kollage-pyssel-2-768x768.jpg 768w, http:\/\/www.myrorna.nu\/wordpress\/wp-content\/uploads\/2022\/06\/Kollage-pyssel-2-816x816.jpg 816w, http:\/\/www.myrorna.nu\/wordpress\/wp-content\/uploads\/2022\/06\/Kollage-pyssel-2.jpg 2048w\" sizes=\"auto, (max-width: 634px) 100vw, 634px\" \/><\/a>\n\t\t\t<\/div><\/figure><figure class='gallery-item'>\n\t\t\t<div class='gallery-icon landscape'>\n\t\t\t\t<a href='http:\/\/www.myrorna.nu\/wordpress\/wp-content\/uploads\/2022\/06\/Kollage-pyssel.jpg'><img loading=\"lazy\" decoding=\"async\" width=\"634\" height=\"634\" src=\"http:\/\/www.myrorna.nu\/wordpress\/wp-content\/uploads\/2022\/06\/Kollage-pyssel-1024x1024.jpg\" class=\"attachment-large size-large\" alt=\"\" srcset=\"http:\/\/www.myrorna.nu\/wordpress\/wp-content\/uploads\/2022\/06\/Kollage-pyssel-1024x1024.jpg 1024w, http:\/\/www.myrorna.nu\/wordpress\/wp-content\/uploads\/2022\/06\/Kollage-pyssel-150x150.jpg 150w, http:\/\/www.myrorna.nu\/wordpress\/wp-content\/uploads\/2022\/06\/Kollage-pyssel-300x300.jpg 300w, http:\/\/www.myrorna.nu\/wordpress\/wp-content\/uploads\/2022\/06\/Kollage-pyssel-768x768.jpg 768w, http:\/\/www.myrorna.nu\/wordpress\/wp-content\/uploads\/2022\/06\/Kollage-pyssel-816x816.jpg 816w, http:\/\/www.myrorna.nu\/wordpress\/wp-content\/uploads\/2022\/06\/Kollage-pyssel.jpg 2048w\" sizes=\"auto, (max-width: 634px) 100vw, 634px\" \/><\/a>\n\t\t\t<\/div><\/figure>\n\t\t<\/div>\n\n","protected":false},"excerpt":{"rendered":"","protected":false},"author":1,"featured_media":0,"parent":0,"menu_order":0,"comment_status":"closed","ping_status":"open","template":"","meta":{"ngg_post_thumbnail":0,"footnotes":""},"class_list":["post-496","page","type-page","status-publish","hentry"],"jetpack_sharing_enabled":true,"_links":{"self":[{"href":"http:\/\/www.myrorna.nu\/wordpress\/wp-json\/wp\/v2\/pages\/496","targetHints":{"allow":["GET"]}}],"collection":[{"href":"http:\/\/www.myrorna.nu\/wordpress\/wp-json\/wp\/v2\/pages"}],"about":[{"href":"http:\/\/www.myrorna.nu\/wordpress\/wp-json\/wp\/v2\/types\/page"}],"author":[{"embeddable":true,"href":"http:\/\/www.myrorna.nu\/wordpress\/wp-json\/wp\/v2\/users\/1"}],"replies":[{"embeddable":true,"href":"http:\/\/www.myrorna.nu\/wordpress\/wp-json\/wp\/v2\/comments?post=496"}],"version-history":[{"count":11,"href":"http:\/\/www.myrorna.nu\/wordpress\/wp-json\/wp\/v2\/pages\/496\/revisions"}],"predecessor-version":[{"id":818,"href":"http:\/\/www.myrorna.nu\/wordpress\/wp-json\/wp\/v2\/pages\/496\/revisions\/818"}],"wp:attachment":[{"href":"http:\/\/www.myrorna.nu\/wordpress\/wp-json\/wp\/v2\/media?parent=496"}],"curies":[{"name":"wp","href":"https:\/\/api.w.org\/{rel}","templated":true}]}}