{"id":50,"date":"2009-10-12T12:52:24","date_gmt":"2009-10-12T10:52:24","guid":{"rendered":"http:\/\/www.myrorna.nu\/wordpress\/?page_id=50"},"modified":"2017-10-08T15:43:48","modified_gmt":"2017-10-08T13:43:48","slug":"pedagogik","status":"publish","type":"page","link":"http:\/\/www.myrorna.nu\/wordpress\/pedagogik\/","title":{"rendered":"Pedagogik"},"content":{"rendered":"<p>Vi arbetar utifr\u00e5n f\u00f6rskolans l\u00e4roplan och Huddinge Kommuns m\u00e5l och riktlinjer. Vi s\u00e4tter stor vikt vid att:<\/p>\n<ul>\n<li>L\u00e4ra barnen kommunicera med varandra och andra m\u00e4nniskor. L\u00e4ra barnen att anv\u00e4nda ord och inte ta till handgripligheter.<\/li>\n<li>Att alla ska k\u00e4nna sig som en i gruppen, ingen ska k\u00e4nna sig utanf\u00f6r. L\u00e4ra barnen k\u00e4nna empati och medk\u00e4nska f\u00f6r andra.<\/li>\n<li>Att barnen ska bli trygga i f\u00f6rskolan f\u00f6r att sedan kunna g\u00e5 vidare i skolans v\u00e4rld.<\/li>\n<\/ul>\n<p>V\u00e5r verksamhet omfattar: fri lek, utevistelser, r\u00f6relse, s\u00e5ng &amp; musik, skapande verksamhet, samlingar &amp; temasamlingar, teaterbes\u00f6k, data, biblioteksbes\u00f6k, utflykter mm. F\u00f6rskolan har delat in alla fasta aktiviteter p\u00e5 best\u00e4mda dagar under veckan men \u00e4r givetvis \u00f6ppen f\u00f6r spontanitet.<\/p>\n<p>Kommunen sk\u00f6ter tillsynen och f\u00f6rskolan har inga anm\u00e4rkningar. Under den senaste tillsynen framh\u00f6lls s\u00e4rskilt\u00a0hur pedagogernas trygghetsarbete genomsyrar hela verksamheten, att de skapat en harmonisk barngrupp och att g\u00e5rden \u00a0utmanar barnen p\u00e5 b\u00e4sta s\u00e4tt ur ett pedagogiskt perspektiv.<\/p>\n","protected":false},"excerpt":{"rendered":"<p>Vi arbetar utifr\u00e5n f\u00f6rskolans l\u00e4roplan och Huddinge Kommuns m\u00e5l och riktlinjer. Vi s\u00e4tter stor vikt vid att: L\u00e4ra barnen kommunicera med varandra och andra m\u00e4nniskor. L\u00e4ra barnen att anv\u00e4nda ord och inte ta till handgripligheter. Att alla ska k\u00e4nna sig som en i gruppen, ingen ska k\u00e4nna sig utanf\u00f6r. L\u00e4ra barnen k\u00e4nna empati och medk\u00e4nska [&hellip;]<\/p>\n","protected":false},"author":1,"featured_media":0,"parent":0,"menu_order":0,"comment_status":"closed","ping_status":"closed","template":"","meta":{"ngg_post_thumbnail":0,"footnotes":""},"class_list":["post-50","page","type-page","status-publish","hentry"],"jetpack_sharing_enabled":true,"_links":{"self":[{"href":"http:\/\/www.myrorna.nu\/wordpress\/wp-json\/wp\/v2\/pages\/50","targetHints":{"allow":["GET"]}}],"collection":[{"href":"http:\/\/www.myrorna.nu\/wordpress\/wp-json\/wp\/v2\/pages"}],"about":[{"href":"http:\/\/www.myrorna.nu\/wordpress\/wp-json\/wp\/v2\/types\/page"}],"author":[{"embeddable":true,"href":"http:\/\/www.myrorna.nu\/wordpress\/wp-json\/wp\/v2\/users\/1"}],"replies":[{"embeddable":true,"href":"http:\/\/www.myrorna.nu\/wordpress\/wp-json\/wp\/v2\/comments?post=50"}],"version-history":[{"count":9,"href":"http:\/\/www.myrorna.nu\/wordpress\/wp-json\/wp\/v2\/pages\/50\/revisions"}],"predecessor-version":[{"id":657,"href":"http:\/\/www.myrorna.nu\/wordpress\/wp-json\/wp\/v2\/pages\/50\/revisions\/657"}],"wp:attachment":[{"href":"http:\/\/www.myrorna.nu\/wordpress\/wp-json\/wp\/v2\/media?parent=50"}],"curies":[{"name":"wp","href":"https:\/\/api.w.org\/{rel}","templated":true}]}}