{"id":52,"date":"2009-10-12T12:52:56","date_gmt":"2009-10-12T10:52:56","guid":{"rendered":"http:\/\/www.myrorna.nu\/wordpress\/?page_id=52"},"modified":"2023-09-28T10:58:52","modified_gmt":"2023-09-28T08:58:52","slug":"personal","status":"publish","type":"page","link":"http:\/\/www.myrorna.nu\/wordpress\/personal\/","title":{"rendered":"Personal"},"content":{"rendered":"<p>Vi \u00e4r fyra erfarna pedagoger, tre p\u00e5 heltid och en p\u00e5 deltid i barngruppen.<\/p>\n<p>Vi har en kock&nbsp;som lagar&nbsp;n\u00e4ringsrik och varierad mat som \u00e4r \u00e4lskad av b\u00e5de barn och pedagoger p\u00e5 f\u00f6rskolan.<br \/>\n<img loading=\"lazy\" decoding=\"async\" class=\"alignleft size-medium wp-image-557\" src=\"http:\/\/www.myrorna.nu\/wordpress\/wp-content\/uploads\/2009\/10\/eva-238x300.jpg\" alt=\"eva\" width=\"238\" height=\"300\" srcset=\"http:\/\/www.myrorna.nu\/wordpress\/wp-content\/uploads\/2009\/10\/eva-238x300.jpg 238w, http:\/\/www.myrorna.nu\/wordpress\/wp-content\/uploads\/2009\/10\/eva-119x150.jpg 119w, http:\/\/www.myrorna.nu\/wordpress\/wp-content\/uploads\/2009\/10\/eva.jpg 425w\" sizes=\"auto, (max-width: 238px) 100vw, 238px\" \/> <img loading=\"lazy\" decoding=\"async\" class=\"alignleft size-medium wp-image-558\" src=\"http:\/\/www.myrorna.nu\/wordpress\/wp-content\/uploads\/2009\/10\/gisela1-238x300.jpg\" alt=\"gisela\" width=\"238\" height=\"300\" srcset=\"http:\/\/www.myrorna.nu\/wordpress\/wp-content\/uploads\/2009\/10\/gisela1-238x300.jpg 238w, http:\/\/www.myrorna.nu\/wordpress\/wp-content\/uploads\/2009\/10\/gisela1-119x150.jpg 119w, http:\/\/www.myrorna.nu\/wordpress\/wp-content\/uploads\/2009\/10\/gisela1.jpg 425w\" sizes=\"auto, (max-width: 238px) 100vw, 238px\" \/> <img loading=\"lazy\" decoding=\"async\" class=\"alignleft size-medium wp-image-560\" src=\"http:\/\/www.myrorna.nu\/wordpress\/wp-content\/uploads\/2009\/10\/agneta-238x300.jpg\" alt=\"agneta\" width=\"238\" height=\"300\" srcset=\"http:\/\/www.myrorna.nu\/wordpress\/wp-content\/uploads\/2009\/10\/agneta-238x300.jpg 238w, http:\/\/www.myrorna.nu\/wordpress\/wp-content\/uploads\/2009\/10\/agneta-119x150.jpg 119w, http:\/\/www.myrorna.nu\/wordpress\/wp-content\/uploads\/2009\/10\/agneta.jpg 425w\" sizes=\"auto, (max-width: 238px) 100vw, 238px\" \/><\/p>\n","protected":false},"excerpt":{"rendered":"<p>Vi \u00e4r fyra erfarna pedagoger, tre p\u00e5 heltid och en p\u00e5 deltid i barngruppen. Vi har en kock&nbsp;som lagar&nbsp;n\u00e4ringsrik och varierad mat som \u00e4r \u00e4lskad av b\u00e5de barn och pedagoger p\u00e5 f\u00f6rskolan.<\/p>\n","protected":false},"author":1,"featured_media":0,"parent":0,"menu_order":0,"comment_status":"closed","ping_status":"closed","template":"","meta":{"ngg_post_thumbnail":0,"footnotes":""},"class_list":["post-52","page","type-page","status-publish","hentry"],"jetpack_sharing_enabled":true,"_links":{"self":[{"href":"http:\/\/www.myrorna.nu\/wordpress\/wp-json\/wp\/v2\/pages\/52","targetHints":{"allow":["GET"]}}],"collection":[{"href":"http:\/\/www.myrorna.nu\/wordpress\/wp-json\/wp\/v2\/pages"}],"about":[{"href":"http:\/\/www.myrorna.nu\/wordpress\/wp-json\/wp\/v2\/types\/page"}],"author":[{"embeddable":true,"href":"http:\/\/www.myrorna.nu\/wordpress\/wp-json\/wp\/v2\/users\/1"}],"replies":[{"embeddable":true,"href":"http:\/\/www.myrorna.nu\/wordpress\/wp-json\/wp\/v2\/comments?post=52"}],"version-history":[{"count":10,"href":"http:\/\/www.myrorna.nu\/wordpress\/wp-json\/wp\/v2\/pages\/52\/revisions"}],"predecessor-version":[{"id":831,"href":"http:\/\/www.myrorna.nu\/wordpress\/wp-json\/wp\/v2\/pages\/52\/revisions\/831"}],"wp:attachment":[{"href":"http:\/\/www.myrorna.nu\/wordpress\/wp-json\/wp\/v2\/media?parent=52"}],"curies":[{"name":"wp","href":"https:\/\/api.w.org\/{rel}","templated":true}]}}